{"id":95,"date":"2024-04-04T01:14:23","date_gmt":"2024-04-03T23:14:23","guid":{"rendered":"https:\/\/www.bispgardenspk.se\/?page_id=95"},"modified":"2024-04-04T11:29:57","modified_gmt":"2024-04-04T09:29:57","slug":"klubbrekord","status":"publish","type":"page","link":"https:\/\/www.bispgardenspk.se\/?page_id=95","title":{"rendered":"Klubbrekord"},"content":{"rendered":"\n<p>Aktuella klubbrekord i respektive vapengrupp. Resultat m\u00e5ste skjutas under t\u00e4vlingsserie i n\u00e5gon form. Rekord nollst\u00e4lls om de \u00f6verlever 3\u00e5r utan f\u00f6rb\u00e4ttring. Inf\u00f6r 2024 s\u00e4songen har rekorden separerats p\u00e5 klass och kommer bokf\u00f6ras i fler vapengrupper \u00e4n tidigare.<\/p>\n\n\n\n<h2 class=\"wp-block-heading\">Svenska Pistolskytte F\u00f6rbundet (SPSF)<\/h2>\n\n\n\n<figure class=\"wp-block-table\"><table><tbody><tr><td>Klass (Maxp)<\/td><td>Klass 1\/2<\/td><td>Klass 3<\/td><\/tr><tr><td>A1 (300)<\/td><td>Ulf J, 234, 3x (2022)<\/td><td>Mattias B, 265, 3x (2022)<\/td><\/tr><tr><td>A2 (300)<\/td><td><\/td><td>Peter S, 239, 3x (2022)<\/td><\/tr><tr><td>A3 (300)<\/td><td>Torbj\u00f6rn A, 220, 0x (2022)<\/td><td>Mattias B, 274, 4x (2023)<\/td><\/tr><tr><td>B (300)<\/td><td>Jan P, 248, 2x (2023)<\/td><td>Mattias B, 261, 4x (2022)<\/td><\/tr><tr><td>C (300)<\/td><td>Ulf J, 275, 4x (2022)<\/td><td>Mattias B, 281, 5x (2022)<\/td><\/tr><tr><td>R (300)<\/td><td><\/td><td><\/td><\/tr><tr><td>Luftpistol (600*)<\/td><td><\/td><td><\/td><\/tr><\/tbody><\/table><figcaption class=\"wp-element-caption\">*Tavlor som skannas till\u00e5ts anv\u00e4nda decimalpo\u00e4ng dvs mitten = 10.9p<\/figcaption><\/figure>\n\n\n\n<p><\/p>\n\n\n\n<figure class=\"wp-block-table\"><table><tbody><tr><td>Klass (Maxp)<\/td><td>Klass 1\/2<\/td><td>Klass 3<\/td><\/tr><tr><td>M1 (300)<\/td><td><\/td><td><\/td><\/tr><tr><td>M2 (300)<\/td><td><\/td><td>Mattias B, 244, 3x (2022)<\/td><\/tr><tr><td>M3 (300)<\/td><td><\/td><td>Mattias B, 262, 3x (2022)<\/td><\/tr><tr><td>M4 (300)<\/td><td><\/td><td>Mattias B, 254, 0x (2022)<\/td><\/tr><tr><td>M5 (300)<\/td><td>Torbj\u00f6rn A, 267, 7x (2023)<\/td><td>Tomas E, 289, 12x (2023)<\/td><\/tr><tr><td>M6 (300)<\/td><td>Torbj\u00f6rn A, 170, 0x (2022)<\/td><td>Mattias B, 257, 2x (2023)<\/td><\/tr><tr><td>M7 (300)<\/td><td>Jan P, 197, 0x (2023)<\/td><td>Tomas E, 260, 3x (2023)<\/td><\/tr><tr><td>M8 (300)<\/td><td><\/td><td>Tomas E, 258, 2x (2022)<\/td><\/tr><tr><td>M9 (300)<\/td><td><\/td><td><\/td><\/tr><\/tbody><\/table><\/figure>\n\n\n\n<p><\/p>\n\n\n\n<h2 class=\"wp-block-heading\">Svenska Svartkruts Skytte Federationen (SSSF)<\/h2>\n\n\n\n<figure class=\"wp-block-table\"><table><tbody><tr><td>Klass (F\u00f6rklaring) Maxpo\u00e4ng<\/td><td>Klass 1\/2<\/td><td>Klass 3<\/td><\/tr><tr><td>Klass 1 Miquelet (Flintl\u00e5smusk\u00f6t, milit\u00e4rt)<\/td><td><\/td><td><\/td><\/tr><tr><td>Klass 2 Maximilian (Flintl\u00e5sstudsare)<\/td><td><\/td><td><\/td><\/tr><tr><td>Klass 3 Mini\u00e9 (Slagl\u00e5sgev\u00e4r, milit\u00e4rt)<\/td><td><\/td><td><\/td><\/tr><tr><td>Klass 4 Whitworth (Slagl\u00e5sgev\u00e4r, \u00f6vriga)<\/td><td><\/td><td><\/td><\/tr><tr><td>Klass 5 Cominazzo (Flintl\u00e5spistol)<\/td><td><\/td><td><\/td><\/tr><tr><td>Klass 6 Kuchenreuter (Slagl\u00e5spistol)<\/td><td><\/td><td><\/td><\/tr><tr><td>Klass 7 Colt (Slagl\u00e5srevolver, original)<\/td><td><\/td><td><\/td><\/tr><tr><td>Klass 8 Walkyrie (Slagl\u00e5sgev\u00e4r, \u00f6vriga; damer)<\/td><td><\/td><td><\/td><\/tr><tr><td>Klass 12 Mariette (Slagl\u00e5srevolver, replika)<\/td><td><\/td><td><\/td><\/tr><tr><td>Klass 14 Tanegashima (Luntl\u00e5sgev\u00e4r)<\/td><td><\/td><td><\/td><\/tr><tr><td>Klass 15 Vetterli (Mynningsladdat gev\u00e4r)<\/td><td><\/td><td><\/td><\/tr><tr><td>Klass 16 Hizadai (Luntl\u00e5sgev\u00e4r)<\/td><td><\/td><td><\/td><\/tr><tr><td>Klass 21 Manton (Lerduvor, flintl\u00e5s)<\/td><td><\/td><td><\/td><\/tr><tr><td>Klass 22 Lorenzoni (Lerduvor, slagl\u00e5s)<\/td><td><\/td><td><\/td><\/tr><tr><td>Klass 23 Donald Malson (Slagl\u00e5srevolver, 50m)<\/td><td><\/td><td><\/td><\/tr><tr><td>Klass 28 Tanzutsu (Luntl\u00e5spistol)<\/td><td><\/td><td><\/td><\/tr><tr><td>Klass 36 Pennsylvania (Flintl\u00e5sstudsare)<\/td><td><\/td><td><\/td><\/tr><tr><td>Klass 37 Lamarmora (Slagl\u00e5sgev\u00e4r, milit\u00e4rt)<\/td><td><\/td><td><\/td><\/tr><tr><td>Klass Ruger (Slagl\u00e5srevolver, fri)<\/td><td><\/td><td><\/td><\/tr><tr><td>Klass Smith &amp; Wesson (Patronladdad revolver)<\/td><td><\/td><td><\/td><\/tr><tr><td>Klass Remington (Bakladdat gev\u00e4r, original)<\/td><td><\/td><td><\/td><\/tr><tr><td>Klass Remington Match (Bakladdat gev\u00e4r)<\/td><td><\/td><td><\/td><\/tr><tr><td>Klass 12,17 (Patronladdat gev\u00e4r)<\/td><td><\/td><td><\/td><\/tr><tr><td>Klass Husqvarna (Lerduvor, patronladdad)<\/td><td><\/td><td><\/td><\/tr><\/tbody><\/table><\/figure>\n\n\n\n<p><\/p>\n\n\n\n<h2 class=\"wp-block-heading\">F\u00f6reningsegna Klasser<\/h2>\n\n\n\n<p><strong>Enhandsvapen klasser<\/strong><\/p>\n\n\n\n<figure class=\"wp-block-table\"><table><tbody><tr><td><\/td><td>Klass 1\/2<\/td><td>Klass 3<\/td><\/tr><tr><td>.22lr med optik<\/td><td><\/td><td><\/td><\/tr><tr><td>Snubbnos<\/td><td><\/td><td><\/td><\/tr><tr><td>Single-Action<\/td><td><\/td><td><\/td><\/tr><tr><td>Ultra-Magnum<\/td><td><\/td><td><\/td><\/tr><tr><td>Milit\u00e4r Historisk<\/td><td><\/td><td><\/td><\/tr><tr><td>\u00d6ppen<\/td><td><\/td><td><\/td><\/tr><\/tbody><\/table><\/figure>\n\n\n\n<p><strong>Gev\u00e4rsklasser<\/strong><\/p>\n\n\n\n<figure class=\"wp-block-table\"><table><tbody><tr><td><\/td><td>Klass 1\/2<\/td><td>Klass 3<\/td><\/tr><tr><td>.22lr<\/td><td><\/td><td><\/td><\/tr><tr><td>Milit\u00e4r Historisk<\/td><td><\/td><td><\/td><\/tr><tr><td>Karbin<\/td><td><\/td><td><\/td><\/tr><tr><td>Bygel\/Pump<\/td><td><\/td><td><\/td><\/tr><tr><td>Coach Gun<\/td><td><\/td><td><\/td><\/tr><tr><td>\u00d6ppen<\/td><td><\/td><td><\/td><\/tr><\/tbody><\/table><\/figure>\n","protected":false},"excerpt":{"rendered":"<p>Aktuella klubbrekord i respektive vapengrupp. Resultat m\u00e5ste skjutas under t\u00e4vlingsserie i n\u00e5gon form. Rekord nollst\u00e4lls om de \u00f6verlever 3\u00e5r utan f\u00f6rb\u00e4ttring. Inf\u00f6r 2024 s\u00e4songen har<\/p>\n","protected":false},"author":1,"featured_media":0,"parent":0,"menu_order":0,"comment_status":"closed","ping_status":"closed","template":"","meta":{"_monsterinsights_skip_tracking":false,"_monsterinsights_sitenote_active":false,"_monsterinsights_sitenote_note":"","_monsterinsights_sitenote_category":0,"footnotes":""},"yoast_head":"<!-- This site is optimized with the Yoast SEO plugin v24.5 - https:\/\/yoast.com\/wordpress\/plugins\/seo\/ -->\n<title>Klubbrekord - Bispg\u00e5rdens PK<\/title>\n<meta name=\"robots\" content=\"index, follow, max-snippet:-1, max-image-preview:large, max-video-preview:-1\" \/>\n<link rel=\"canonical\" href=\"https:\/\/www.bispgardenspk.se\/?page_id=95\" \/>\n<meta property=\"og:locale\" content=\"sv_SE\" \/>\n<meta property=\"og:type\" content=\"article\" \/>\n<meta property=\"og:title\" content=\"Klubbrekord - Bispg\u00e5rdens PK\" \/>\n<meta property=\"og:description\" content=\"Aktuella klubbrekord i respektive vapengrupp. Resultat m\u00e5ste skjutas under t\u00e4vlingsserie i n\u00e5gon form. Rekord nollst\u00e4lls om de \u00f6verlever 3\u00e5r utan f\u00f6rb\u00e4ttring. Inf\u00f6r 2024 s\u00e4songen har\" \/>\n<meta property=\"og:url\" content=\"https:\/\/www.bispgardenspk.se\/?page_id=95\" \/>\n<meta property=\"og:site_name\" content=\"Bispg\u00e5rdens PK\" \/>\n<meta property=\"article:modified_time\" content=\"2024-04-04T09:29:57+00:00\" \/>\n<meta name=\"twitter:card\" content=\"summary_large_image\" \/>\n<meta name=\"twitter:label1\" content=\"Ber\u00e4knad l\u00e4stid\" \/>\n\t<meta name=\"twitter:data1\" content=\"2 minuter\" \/>\n<script type=\"application\/ld+json\" class=\"yoast-schema-graph\">{\"@context\":\"https:\/\/schema.org\",\"@graph\":[{\"@type\":\"WebPage\",\"@id\":\"https:\/\/www.bispgardenspk.se\/?page_id=95\",\"url\":\"https:\/\/www.bispgardenspk.se\/?page_id=95\",\"name\":\"Klubbrekord - Bispg\u00e5rdens PK\",\"isPartOf\":{\"@id\":\"https:\/\/www.bispgardenspk.se\/#website\"},\"datePublished\":\"2024-04-03T23:14:23+00:00\",\"dateModified\":\"2024-04-04T09:29:57+00:00\",\"breadcrumb\":{\"@id\":\"https:\/\/www.bispgardenspk.se\/?page_id=95#breadcrumb\"},\"inLanguage\":\"sv-SE\",\"potentialAction\":[{\"@type\":\"ReadAction\",\"target\":[\"https:\/\/www.bispgardenspk.se\/?page_id=95\"]}]},{\"@type\":\"BreadcrumbList\",\"@id\":\"https:\/\/www.bispgardenspk.se\/?page_id=95#breadcrumb\",\"itemListElement\":[{\"@type\":\"ListItem\",\"position\":1,\"name\":\"Home\",\"item\":\"https:\/\/www.bispgardenspk.se\/\"},{\"@type\":\"ListItem\",\"position\":2,\"name\":\"Klubbrekord\"}]},{\"@type\":\"WebSite\",\"@id\":\"https:\/\/www.bispgardenspk.se\/#website\",\"url\":\"https:\/\/www.bispgardenspk.se\/\",\"name\":\"Bispg\u00e5rdens PK\",\"description\":\"\",\"potentialAction\":[{\"@type\":\"SearchAction\",\"target\":{\"@type\":\"EntryPoint\",\"urlTemplate\":\"https:\/\/www.bispgardenspk.se\/?s={search_term_string}\"},\"query-input\":{\"@type\":\"PropertyValueSpecification\",\"valueRequired\":true,\"valueName\":\"search_term_string\"}}],\"inLanguage\":\"sv-SE\"}]}<\/script>\n<!-- \/ Yoast SEO plugin. -->","yoast_head_json":{"title":"Klubbrekord - Bispg\u00e5rdens PK","robots":{"index":"index","follow":"follow","max-snippet":"max-snippet:-1","max-image-preview":"max-image-preview:large","max-video-preview":"max-video-preview:-1"},"canonical":"https:\/\/www.bispgardenspk.se\/?page_id=95","og_locale":"sv_SE","og_type":"article","og_title":"Klubbrekord - Bispg\u00e5rdens PK","og_description":"Aktuella klubbrekord i respektive vapengrupp. Resultat m\u00e5ste skjutas under t\u00e4vlingsserie i n\u00e5gon form. Rekord nollst\u00e4lls om de \u00f6verlever 3\u00e5r utan f\u00f6rb\u00e4ttring. Inf\u00f6r 2024 s\u00e4songen har","og_url":"https:\/\/www.bispgardenspk.se\/?page_id=95","og_site_name":"Bispg\u00e5rdens PK","article_modified_time":"2024-04-04T09:29:57+00:00","twitter_card":"summary_large_image","twitter_misc":{"Ber\u00e4knad l\u00e4stid":"2 minuter"},"schema":{"@context":"https:\/\/schema.org","@graph":[{"@type":"WebPage","@id":"https:\/\/www.bispgardenspk.se\/?page_id=95","url":"https:\/\/www.bispgardenspk.se\/?page_id=95","name":"Klubbrekord - Bispg\u00e5rdens PK","isPartOf":{"@id":"https:\/\/www.bispgardenspk.se\/#website"},"datePublished":"2024-04-03T23:14:23+00:00","dateModified":"2024-04-04T09:29:57+00:00","breadcrumb":{"@id":"https:\/\/www.bispgardenspk.se\/?page_id=95#breadcrumb"},"inLanguage":"sv-SE","potentialAction":[{"@type":"ReadAction","target":["https:\/\/www.bispgardenspk.se\/?page_id=95"]}]},{"@type":"BreadcrumbList","@id":"https:\/\/www.bispgardenspk.se\/?page_id=95#breadcrumb","itemListElement":[{"@type":"ListItem","position":1,"name":"Home","item":"https:\/\/www.bispgardenspk.se\/"},{"@type":"ListItem","position":2,"name":"Klubbrekord"}]},{"@type":"WebSite","@id":"https:\/\/www.bispgardenspk.se\/#website","url":"https:\/\/www.bispgardenspk.se\/","name":"Bispg\u00e5rdens PK","description":"","potentialAction":[{"@type":"SearchAction","target":{"@type":"EntryPoint","urlTemplate":"https:\/\/www.bispgardenspk.se\/?s={search_term_string}"},"query-input":{"@type":"PropertyValueSpecification","valueRequired":true,"valueName":"search_term_string"}}],"inLanguage":"sv-SE"}]}},"_links":{"self":[{"href":"https:\/\/www.bispgardenspk.se\/index.php?rest_route=\/wp\/v2\/pages\/95"}],"collection":[{"href":"https:\/\/www.bispgardenspk.se\/index.php?rest_route=\/wp\/v2\/pages"}],"about":[{"href":"https:\/\/www.bispgardenspk.se\/index.php?rest_route=\/wp\/v2\/types\/page"}],"author":[{"embeddable":true,"href":"https:\/\/www.bispgardenspk.se\/index.php?rest_route=\/wp\/v2\/users\/1"}],"replies":[{"embeddable":true,"href":"https:\/\/www.bispgardenspk.se\/index.php?rest_route=%2Fwp%2Fv2%2Fcomments&post=95"}],"version-history":[{"count":6,"href":"https:\/\/www.bispgardenspk.se\/index.php?rest_route=\/wp\/v2\/pages\/95\/revisions"}],"predecessor-version":[{"id":129,"href":"https:\/\/www.bispgardenspk.se\/index.php?rest_route=\/wp\/v2\/pages\/95\/revisions\/129"}],"wp:attachment":[{"href":"https:\/\/www.bispgardenspk.se\/index.php?rest_route=%2Fwp%2Fv2%2Fmedia&parent=95"}],"curies":[{"name":"wp","href":"https:\/\/api.w.org\/{rel}","templated":true}]}}